{"id":4794,"date":"2015-12-15T14:10:27","date_gmt":"2015-12-15T14:10:27","guid":{"rendered":"https:\/\/priceless-driscoll.89-248-105-39.plesk.page\/en\/?page_id=4794"},"modified":"2015-12-15T14:10:27","modified_gmt":"2015-12-15T14:10:27","slug":"our-school","status":"publish","type":"page","link":"https:\/\/arquitectura.ufv.es\/en\/our-school\/","title":{"rendered":"Our School"},"content":{"rendered":"<p>[vc_row][vc_column width=&#8221;1\/3&#8243; css=&#8221;.vc_custom_1446023352760{margin-bottom: 15px !important;}&#8221;][vc_column_text]<\/p>\n<h3>SALAS DE PROYECTOS \/ MAQUETAS<\/h3>\n<p>[\/vc_column_text][rev_slider_vc alias=&#8221;sala-de-proyectos&#8221;][vc_column_text]Contamos con un aula espec\u00edfica para la realizaci\u00f3n de maquetas.<\/p>\n<ul>\n<li>4 mesas de desarrollo planim\u00e9trico bidimensional<\/li>\n<li>8 puestos de construcci\u00f3n de maquetas<\/li>\n<li>M\u00e1quina de corte l\u00e1ser a diposici\u00f3n del alumno<\/li>\n<li>Impresora 3D<\/li>\n<li>Sala de herramientas<\/li>\n<li>Equipo de proyecci\u00f3n HD<\/li>\n<li>Espacios de exposici\u00f3n de maquetas<\/li>\n<\/ul>\n<p>[\/vc_column_text][\/vc_column][vc_column width=&#8221;1\/3&#8243; css=&#8221;.vc_custom_1446023359243{margin-bottom: 15px !important;}&#8221;][vc_column_text]<\/p>\n<h3>Aula PFC\/TFG<\/h3>\n<p>[\/vc_column_text][rev_slider_vc alias=&#8221;sala-pfc&#8221;][vc_column_text]Inauguradas este curso, la Escuela cuenta con un Aula espec\u00edfica de desarrollo del TFG. Este aula tiene acceso 24 horas para los alumnos incluyendo\u00a0<strong>todos los fines de semana del curso.<\/strong><\/p>\n<p>Tiene 4o puntos de trabajo individual para el desarrollo inform\u00e1tico de los documentos del proyecto final.[\/vc_column_text][\/vc_column][vc_column width=&#8221;1\/3&#8243; css=&#8221;.vc_custom_1446023363473{margin-bottom: 15px !important;}&#8221;][vc_column_text]<\/p>\n<h3>LABORATORIO\u00a0DE INFORM\u00c1TICA<\/h3>\n<p>[\/vc_column_text][rev_slider_vc alias=&#8221;aulas-de-informatica&#8221;][vc_column_text]Disponemos de un laboratorio de 40 puestos para la realizaci\u00f3n de las pr\u00e1cticas espec\u00edficas, as\u00ed como para el\u00a0<strong>trabajo con software espec\u00edfico<\/strong> de delineaci\u00f3n 2D y de creaci\u00f3n volum\u00e9trica 3D y BIM.<\/p>\n<p>El laboratorio est\u00e1 a disposici\u00f3n de los alumnos en el horario regulado.[\/vc_column_text][\/vc_column][\/vc_row][vc_row][vc_column][vc_separator][\/vc_column][\/vc_row][vc_row][vc_column width=&#8221;1\/3&#8243;][vc_column_text]<\/p>\n<h3>AULAS DOCENTES<\/h3>\n<p>[\/vc_column_text][rev_slider_vc alias=&#8221;aulas-docentes&#8221;][vc_column_text]El Grado cuenta con 6 aulas docentes de entre 20 y 45 plazas individuales.<\/p>\n<p>Equipadas con mobiliario espec\u00edfico y puestos individuales preparados, las 6 aulas ofrecen un espacio educativo modernizado y actual tanto para los alumnos que estudien en\u00a0<strong>turno de ma\u00f1ana o de tarde<\/strong>[\/vc_column_text][\/vc_column][vc_column width=&#8221;1\/3&#8243;][vc_column_text]<\/p>\n<h3>PECERA \/ MESAS BLANCAS<\/h3>\n<p>[\/vc_column_text][rev_slider_vc alias=&#8221;pecera-mesas-blancas&#8221;][vc_column_text]El grado cuenta con dos espacios multidisciplinares de trabajo colectivo.<\/p>\n<p>Los <strong>espacios pecera<\/strong> cuenta con 30 mesas y 120 puestos de trabajo individuales para que los alumnos trabajen en horario fuera del aula.<\/p>\n<p>El\u00a0<strong>HUB &#8216;Mesas Blancas&#8217;<\/strong>\u00a0cuenta con 60 puestos individuales para el trabajo con ordenador y maquetas. Se encuentra anexo a la Reprograf\u00eda y la Sala de Maquetas y Dibujo[\/vc_column_text][\/vc_column][vc_column width=&#8221;1\/3&#8243;][vc_column_text]<\/p>\n<h3>AULA\u00a0DE AN\u00c1LISIS y DIBUJO<\/h3>\n<p>[\/vc_column_text][rev_slider_vc alias=&#8221;sala-de-analisis&#8221;][vc_column_text]El Aula de An\u00e1lisis y Dibujo cuenta con 40 puestos individuales para el dibujo y el estudio de las formas y vol\u00famenes.<\/p>\n<p>Equipada con modelos espec\u00edficas y herramientas de dibujo, el alumno podr\u00e1 desarrollar todas las pr\u00e1cticas de <strong>Dibujo Arquitect\u00f3nico y An\u00e1lisis de las Formas<\/strong>[\/vc_column_text][\/vc_column][\/vc_row]<\/p>\n","protected":false},"excerpt":{"rendered":"<p>[vc_row][vc_column width=&#8221;1\/3&#8243; css=&#8221;.vc_custom_1446023352760{margin-bottom: 15px !important;}&#8221;][vc_column_text] SALAS DE PROYECTOS \/ MAQUETAS [\/vc_column_text][rev_slider_vc alias=&#8221;sala-de-proyectos&#8221;][vc_column_text]Contamos con un aula espec\u00edfica para la realizaci\u00f3n de maquetas. 4 mesas de desarrollo planim\u00e9trico bidimensional 8 puestos de construcci\u00f3n de maquetas M\u00e1quina de corte l\u00e1ser a diposici\u00f3n del alumno Impresora 3D Sala de herramientas Equipo de proyecci\u00f3n HD Espacios de exposici\u00f3n de maquetas [&hellip;]<\/p>\n","protected":false},"author":1,"featured_media":0,"parent":0,"menu_order":0,"comment_status":"closed","ping_status":"closed","template":"","meta":{"_acf_changed":false,"footnotes":""},"categories":[],"tags":[],"class_list":["post-4794","page","type-page","status-publish","hentry"],"acf":[],"aioseo_notices":[],"_links":{"self":[{"href":"https:\/\/arquitectura.ufv.es\/en\/wp-json\/wp\/v2\/pages\/4794","targetHints":{"allow":["GET"]}}],"collection":[{"href":"https:\/\/arquitectura.ufv.es\/en\/wp-json\/wp\/v2\/pages"}],"about":[{"href":"https:\/\/arquitectura.ufv.es\/en\/wp-json\/wp\/v2\/types\/page"}],"author":[{"embeddable":true,"href":"https:\/\/arquitectura.ufv.es\/en\/wp-json\/wp\/v2\/users\/1"}],"replies":[{"embeddable":true,"href":"https:\/\/arquitectura.ufv.es\/en\/wp-json\/wp\/v2\/comments?post=4794"}],"version-history":[{"count":1,"href":"https:\/\/arquitectura.ufv.es\/en\/wp-json\/wp\/v2\/pages\/4794\/revisions"}],"predecessor-version":[{"id":4800,"href":"https:\/\/arquitectura.ufv.es\/en\/wp-json\/wp\/v2\/pages\/4794\/revisions\/4800"}],"wp:attachment":[{"href":"https:\/\/arquitectura.ufv.es\/en\/wp-json\/wp\/v2\/media?parent=4794"}],"wp:term":[{"taxonomy":"category","embeddable":true,"href":"https:\/\/arquitectura.ufv.es\/en\/wp-json\/wp\/v2\/categories?post=4794"},{"taxonomy":"post_tag","embeddable":true,"href":"https:\/\/arquitectura.ufv.es\/en\/wp-json\/wp\/v2\/tags?post=4794"}],"curies":[{"name":"wp","href":"https:\/\/api.w.org\/{rel}","templated":true}]}}